{"id":106,"date":"2022-09-28T17:08:17","date_gmt":"2022-09-28T17:08:17","guid":{"rendered":"https:\/\/epe-education.com\/?page_id=106"},"modified":"2025-02-26T18:56:52","modified_gmt":"2025-02-26T18:56:52","slug":"despre-noi-2","status":"publish","type":"page","link":"https:\/\/epe-education.com\/","title":{"rendered":"Despre noi"},"content":{"rendered":"\t\t<div data-elementor-type=\"wp-page\" data-elementor-id=\"106\" class=\"elementor elementor-106\">\n\t\t\t\t\t\t<div class=\"elementor-inner\">\n\t\t\t\t<div class=\"elementor-section-wrap\">\n\t\t\t\t\t\t\t\t\t<section class=\"elementor-section elementor-top-section elementor-element elementor-element-46bd36d elementor-section-boxed elementor-section-height-default elementor-section-height-default\" data-id=\"46bd36d\" data-element_type=\"section\">\n\t\t\t\t\t\t<div class=\"elementor-container elementor-column-gap-default\">\n\t\t\t\t\t\t\t<div class=\"elementor-row\">\n\t\t\t\t\t<div class=\"elementor-column elementor-col-100 elementor-top-column elementor-element elementor-element-47f5e7e\" data-id=\"47f5e7e\" data-element_type=\"column\">\n\t\t\t<div class=\"elementor-column-wrap elementor-element-populated\">\n\t\t\t\t\t\t\t<div class=\"elementor-widget-wrap\">\n\t\t\t\t\t\t<div class=\"elementor-element elementor-element-20a6de4 elementor-widget elementor-widget-text-editor\" data-id=\"20a6de4\" data-element_type=\"widget\" data-widget_type=\"text-editor.default\">\n\t\t\t\t<div class=\"elementor-widget-container\">\n\t\t\t<style>\/*! elementor - v3.7.7 - 20-09-2022 *\/\n.elementor-widget-text-editor.elementor-drop-cap-view-stacked .elementor-drop-cap{background-color:#818a91;color:#fff}.elementor-widget-text-editor.elementor-drop-cap-view-framed .elementor-drop-cap{color:#818a91;border:3px solid;background-color:transparent}.elementor-widget-text-editor:not(.elementor-drop-cap-view-default) .elementor-drop-cap{margin-top:8px}.elementor-widget-text-editor:not(.elementor-drop-cap-view-default) .elementor-drop-cap-letter{width:1em;height:1em}.elementor-widget-text-editor .elementor-drop-cap{float:left;text-align:center;line-height:1;font-size:50px}.elementor-widget-text-editor .elementor-drop-cap-letter{display:inline-block}<\/style>\t\t\t\t\t<div class=\"elementor-text-editor elementor-clearfix\">\n\t\t\t\t<p>Epe-Education v\u0103 ofer\u0103 o plaj\u0103 larg\u0103 de servicii, plec\u00e2nd de la medita\u021bii pentru examenele de bacalaureat, admitere la facult\u0103\u021bile de drept din \u021bar\u0103 \u0219i p\u00e2n\u0103 la\u00a0 cursuri pentru promovarea examenelor\/concursurilor specifice domeniilor juridice \u0219i p\u00e2n\u0103 la publicare, grafic\u0103, pagina\u021bie pentru c\u0103r\u021bi \u0219i reviste \u0219colare.\u00a0<\/p><p>Cien\u021bii no\u0219tri au oportunitatea de a realiza workshop-uri, de a participa la conferin\u021be \u0219i de a publica \u00een reviste de specialitate \u00een func\u021bie de domeniul dvs de interes. Revistele noastre sunt open acces.\u00a0\u00a0<\/p><p>Pe l\u00e2ng\u0103 acestea, seriviciile noastre cuprind \u0219i\u00a0<span style=\"font-size: 1rem; font-weight: var(--bs-body-font-weight); text-align: var(--bs-body-text-align);\">consultan\u021b\u0103 \u00een domeniul educa\u021biei, G.D.P.R, proceduri CEAC, SCIM etc. la nivel de unitate de \u00eenv\u0103\u021b\u0103m\u00e2nt.\u00a0<\/span><\/p><p><span style=\"font-size: 1rem; font-weight: var(--bs-body-font-weight); text-align: var(--bs-body-text-align);\">\u00a0<\/span><\/p>\t\t\t\t\t<\/div>\n\t\t\t\t\t\t<\/div>\n\t\t\t\t<\/div>\n\t\t\t\t\t\t<\/div>\n\t\t\t\t\t<\/div>\n\t\t<\/div>\n\t\t\t\t\t\t\t\t<\/div>\n\t\t\t\t\t<\/div>\n\t\t<\/section>\n\t\t\t\t\t\t\t\t\t<\/div>\n\t\t\t<\/div>\n\t\t\t\t\t<\/div>\n\t\t","protected":false},"excerpt":{"rendered":"<p>Epe-Education v\u0103 ofer\u0103 o plaj\u0103 larg\u0103 de servicii, plec\u00e2nd de la medita\u021bii pentru examenele de bacalaureat, admitere la facult\u0103\u021bile de drept din \u021bar\u0103 \u0219i p\u00e2n\u0103 la\u00a0 cursuri pentru promova","protected":false},"author":1,"featured_media":0,"parent":0,"menu_order":0,"comment_status":"closed","ping_status":"closed","template":"","meta":{"footnotes":""},"class_list":["post-106","page","type-page","status-publish","hentry"],"_links":{"self":[{"href":"https:\/\/epe-education.com\/index.php?rest_route=\/wp\/v2\/pages\/106","targetHints":{"allow":["GET"]}}],"collection":[{"href":"https:\/\/epe-education.com\/index.php?rest_route=\/wp\/v2\/pages"}],"about":[{"href":"https:\/\/epe-education.com\/index.php?rest_route=\/wp\/v2\/types\/page"}],"author":[{"embeddable":true,"href":"https:\/\/epe-education.com\/index.php?rest_route=\/wp\/v2\/users\/1"}],"replies":[{"embeddable":true,"href":"https:\/\/epe-education.com\/index.php?rest_route=%2Fwp%2Fv2%2Fcomments&post=106"}],"version-history":[{"count":17,"href":"https:\/\/epe-education.com\/index.php?rest_route=\/wp\/v2\/pages\/106\/revisions"}],"predecessor-version":[{"id":390,"href":"https:\/\/epe-education.com\/index.php?rest_route=\/wp\/v2\/pages\/106\/revisions\/390"}],"wp:attachment":[{"href":"https:\/\/epe-education.com\/index.php?rest_route=%2Fwp%2Fv2%2Fmedia&parent=106"}],"curies":[{"name":"wp","href":"https:\/\/api.w.org\/{rel}","templated":true}]}}