{"id":6,"date":"2022-09-05T20:31:08","date_gmt":"2022-09-05T20:31:08","guid":{"rendered":"http:\/\/localhost\/?page_id=6"},"modified":"2023-03-23T19:14:22","modified_gmt":"2023-03-23T19:14:22","slug":"conferinte","status":"publish","type":"page","link":"https:\/\/epe-education.com\/?page_id=6","title":{"rendered":"Conferinte"},"content":{"rendered":"\t\t<div data-elementor-type=\"wp-page\" data-elementor-id=\"6\" class=\"elementor elementor-6\">\n\t\t\t\t\t\t<div class=\"elementor-inner\">\n\t\t\t\t<div class=\"elementor-section-wrap\">\n\t\t\t\t\t\t\t\t\t<section class=\"elementor-section elementor-top-section elementor-element elementor-element-53fe740 elementor-section-boxed elementor-section-height-default elementor-section-height-default\" data-id=\"53fe740\" data-element_type=\"section\">\n\t\t\t\t\t\t<div class=\"elementor-container elementor-column-gap-default\">\n\t\t\t\t\t\t\t<div class=\"elementor-row\">\n\t\t\t\t\t<div class=\"elementor-column elementor-col-100 elementor-top-column elementor-element elementor-element-c383ef2\" data-id=\"c383ef2\" data-element_type=\"column\">\n\t\t\t<div class=\"elementor-column-wrap elementor-element-populated\">\n\t\t\t\t\t\t\t<div class=\"elementor-widget-wrap\">\n\t\t\t\t\t\t<div class=\"elementor-element elementor-element-c717223 elementor-widget elementor-widget-text-editor\" data-id=\"c717223\" data-element_type=\"widget\" data-widget_type=\"text-editor.default\">\n\t\t\t\t<div class=\"elementor-widget-container\">\n\t\t\t<style>\/*! elementor - v3.7.7 - 20-09-2022 *\/\n.elementor-widget-text-editor.elementor-drop-cap-view-stacked .elementor-drop-cap{background-color:#818a91;color:#fff}.elementor-widget-text-editor.elementor-drop-cap-view-framed .elementor-drop-cap{color:#818a91;border:3px solid;background-color:transparent}.elementor-widget-text-editor:not(.elementor-drop-cap-view-default) .elementor-drop-cap{margin-top:8px}.elementor-widget-text-editor:not(.elementor-drop-cap-view-default) .elementor-drop-cap-letter{width:1em;height:1em}.elementor-widget-text-editor .elementor-drop-cap{float:left;text-align:center;line-height:1;font-size:50px}.elementor-widget-text-editor .elementor-drop-cap-letter{display:inline-block}<\/style>\t\t\t\t\t<div class=\"elementor-text-editor elementor-clearfix\">\n\t\t\t\t<h2>Education and perspective through expertise<\/h2>\t\t\t\t\t<\/div>\n\t\t\t\t\t\t<\/div>\n\t\t\t\t<\/div>\n\t\t\t\t\t\t<\/div>\n\t\t\t\t\t<\/div>\n\t\t<\/div>\n\t\t\t\t\t\t\t\t<\/div>\n\t\t\t\t\t<\/div>\n\t\t<\/section>\n\t\t\t\t<section class=\"elementor-section elementor-top-section elementor-element elementor-element-5434288 elementor-section-boxed elementor-section-height-default elementor-section-height-default\" data-id=\"5434288\" data-element_type=\"section\">\n\t\t\t\t\t\t<div class=\"elementor-container elementor-column-gap-default\">\n\t\t\t\t\t\t\t<div class=\"elementor-row\">\n\t\t\t\t\t<div class=\"elementor-column elementor-col-100 elementor-top-column elementor-element elementor-element-76312d6\" data-id=\"76312d6\" data-element_type=\"column\">\n\t\t\t<div class=\"elementor-column-wrap elementor-element-populated\">\n\t\t\t\t\t\t\t<div class=\"elementor-widget-wrap\">\n\t\t\t\t\t\t<div class=\"elementor-element elementor-element-66c9071 elementor-widget elementor-widget-image\" data-id=\"66c9071\" data-element_type=\"widget\" data-widget_type=\"image.default\">\n\t\t\t\t<div class=\"elementor-widget-container\">\n\t\t\t<style>\/*! elementor - v3.7.7 - 20-09-2022 *\/\n.elementor-widget-image{text-align:center}.elementor-widget-image a{display:inline-block}.elementor-widget-image a img[src$=\".svg\"]{width:48px}.elementor-widget-image img{vertical-align:middle;display:inline-block}<\/style>\t\t\t\t\t<div class=\"elementor-image\">\n\t\t\t\t\t\t\t\t\t\t\t\t<img loading=\"lazy\" decoding=\"async\" width=\"2048\" height=\"2048\" src=\"https:\/\/epe-education.com\/wp-content\/uploads\/2023\/02\/Poster-Conferinta-EPE-2023-1-2048x2048.jpg\" class=\"attachment-2048x2048 size-2048x2048\" alt=\"\" srcset=\"https:\/\/epe-education.com\/wp-content\/uploads\/2023\/02\/Poster-Conferinta-EPE-2023-1-2048x2048.jpg 2048w, https:\/\/epe-education.com\/wp-content\/uploads\/2023\/02\/Poster-Conferinta-EPE-2023-1-300x300.jpg 300w, https:\/\/epe-education.com\/wp-content\/uploads\/2023\/02\/Poster-Conferinta-EPE-2023-1-1024x1024.jpg 1024w, https:\/\/epe-education.com\/wp-content\/uploads\/2023\/02\/Poster-Conferinta-EPE-2023-1-150x150.jpg 150w, https:\/\/epe-education.com\/wp-content\/uploads\/2023\/02\/Poster-Conferinta-EPE-2023-1-768x768.jpg 768w, https:\/\/epe-education.com\/wp-content\/uploads\/2023\/02\/Poster-Conferinta-EPE-2023-1-1536x1536.jpg 1536w\" sizes=\"auto, (max-width: 2048px) 100vw, 2048px\" \/>\t\t\t\t\t\t\t\t\t\t\t\t\t\t<\/div>\n\t\t\t\t\t\t<\/div>\n\t\t\t\t<\/div>\n\t\t\t\t\t\t<\/div>\n\t\t\t\t\t<\/div>\n\t\t<\/div>\n\t\t\t\t\t\t\t\t<\/div>\n\t\t\t\t\t<\/div>\n\t\t<\/section>\n\t\t\t\t<section class=\"elementor-section elementor-top-section elementor-element elementor-element-0361475 elementor-section-boxed elementor-section-height-default elementor-section-height-default\" data-id=\"0361475\" data-element_type=\"section\">\n\t\t\t\t\t\t<div class=\"elementor-container elementor-column-gap-default\">\n\t\t\t\t\t\t\t<div class=\"elementor-row\">\n\t\t\t\t\t<div class=\"elementor-column elementor-col-100 elementor-top-column elementor-element elementor-element-3bb3d0e\" data-id=\"3bb3d0e\" data-element_type=\"column\">\n\t\t\t<div class=\"elementor-column-wrap elementor-element-populated\">\n\t\t\t\t\t\t\t<div class=\"elementor-widget-wrap\">\n\t\t\t\t\t\t<div class=\"elementor-element elementor-element-80dff70 elementor-widget elementor-widget-text-editor\" data-id=\"80dff70\" data-element_type=\"widget\" data-widget_type=\"text-editor.default\">\n\t\t\t\t<div class=\"elementor-widget-container\">\n\t\t\t\t\t\t\t\t<div class=\"elementor-text-editor elementor-clearfix\">\n\t\t\t\t<p>Scopul conferin\u021bie este de a aduce al\u0103turi speciali\u0219ti \u0219i profesioni\u0219ti din toate domeniile educa\u021biei, \u0219tiin\u021bei \u0219i culturii cu scopul de a umple bre\u0219ele care dezbin\u0103 societatea de ast\u0103zi. \u00cen ultimii ani se observ\u0103 o tendin\u021b\u0103 de scindare a societ\u0103\u021bii \u00eentre p\u0103turile sociale pe de o parte cele care beneficiaz\u0103 de o educa\u021bie competitiv\u0103 \u0219i care permit dezvoltarea personal\u0103, iar pe de alt\u0103 parte acele categorii sociale \u00een r\u00e2ndul c\u0103rora se manifest\u0103 fenomenul dn spectrul opus: dezinteres fa\u021b\u0103 de valori, abandon \u0219colar etc.\u00a0<\/p><p>Comunitatea educa\u021bional\u0103, cea \u0219tin\u021bific\u0103 \u0219i corpurile profesionale au sesizat fenomenul descris anterior \u0219i au semnalat c\u0103 este necesar\u0103 coeziunea celor trei aspecte pentru a\u00a0 dep\u0103\u0219i lacunele sociale n\u0103scute din segregarea celor trei domenii.<\/p><p>Cercet\u0103torii le datoreaz\u0103 dasc\u0103lilor ceea ce sunt pentru c\u0103 au contribuit la formarea, la devenirea ca oameni, ca cet\u0103\u021beni, ca membri activi ai societ\u0103\u021bii c\u0103reia \u0219tiu s\u0103 \u00eei ofere plus valoare. Ace\u0219ti pa\u0219i sunt imposibil de realizat f\u0103r\u0103 implicarea dasc\u0103lilor \u00eenc\u0103 din primii ani de \u0219coal\u0103. F\u0103r\u0103 ei, mediul profesional ar fi v\u0103duvit de evolu\u021bie \u0219i inova\u021bie, iar f\u0103r\u0103 mediul profesional ar fi lipsit de motiva\u021bie.\u00a0<\/p><p>Conferin\u021ba \u00ee\u0219i propune s\u0103 eviden\u021bieze leg\u0103tura simbiotic\u0103 dintre cele trei medii \u0219i s\u0103 promoveze cooperarea \u00eentre acestea pentru un viitor sustenabil \u0219i o societate armonioas\u0103.\u00a0<\/p>\t\t\t\t\t<\/div>\n\t\t\t\t\t\t<\/div>\n\t\t\t\t<\/div>\n\t\t\t\t\t\t<\/div>\n\t\t\t\t\t<\/div>\n\t\t<\/div>\n\t\t\t\t\t\t\t\t<\/div>\n\t\t\t\t\t<\/div>\n\t\t<\/section>\n\t\t\t\t<section class=\"elementor-section elementor-top-section elementor-element elementor-element-290ee6f elementor-section-boxed elementor-section-height-default elementor-section-height-default\" data-id=\"290ee6f\" data-element_type=\"section\">\n\t\t\t\t\t\t<div class=\"elementor-container elementor-column-gap-default\">\n\t\t\t\t\t\t\t<div class=\"elementor-row\">\n\t\t\t\t\t<div class=\"elementor-column elementor-col-100 elementor-top-column elementor-element elementor-element-5d9fc74\" data-id=\"5d9fc74\" data-element_type=\"column\">\n\t\t\t<div class=\"elementor-column-wrap elementor-element-populated\">\n\t\t\t\t\t\t\t<div class=\"elementor-widget-wrap\">\n\t\t\t\t\t\t<div class=\"elementor-element elementor-element-7b33757 elementor-widget elementor-widget-text-editor\" data-id=\"7b33757\" data-element_type=\"widget\" data-widget_type=\"text-editor.default\">\n\t\t\t\t<div class=\"elementor-widget-container\">\n\t\t\t\t\t\t\t\t<div class=\"elementor-text-editor elementor-clearfix\">\n\t\t\t\t<p>Comitetul de organizare<\/p>\t\t\t\t\t<\/div>\n\t\t\t\t\t\t<\/div>\n\t\t\t\t<\/div>\n\t\t\t\t\t\t<\/div>\n\t\t\t\t\t<\/div>\n\t\t<\/div>\n\t\t\t\t\t\t\t\t<\/div>\n\t\t\t\t\t<\/div>\n\t\t<\/section>\n\t\t\t\t<section class=\"elementor-section elementor-top-section elementor-element elementor-element-96a185b elementor-section-boxed elementor-section-height-default elementor-section-height-default\" data-id=\"96a185b\" data-element_type=\"section\">\n\t\t\t\t\t\t<div class=\"elementor-container elementor-column-gap-default\">\n\t\t\t\t\t\t\t<div class=\"elementor-row\">\n\t\t\t\t\t<div class=\"elementor-column elementor-col-100 elementor-top-column elementor-element elementor-element-7f92741\" data-id=\"7f92741\" data-element_type=\"column\">\n\t\t\t<div class=\"elementor-column-wrap elementor-element-populated\">\n\t\t\t\t\t\t\t<div class=\"elementor-widget-wrap\">\n\t\t\t\t\t\t<div class=\"elementor-element elementor-element-060f660 elementor-widget elementor-widget-text-editor\" data-id=\"060f660\" data-element_type=\"widget\" data-widget_type=\"text-editor.default\">\n\t\t\t\t<div class=\"elementor-widget-container\">\n\t\t\t\t\t\t\t\t<div class=\"elementor-text-editor elementor-clearfix\">\n\t\t\t\t<p>Comitetul \u0219tiin\u021bific<\/p><p>Lector Univ. Dr. Adina-Iulia \u0218andru, Universitatea <i>Petre Andrei<\/i> din Ia\u0219i<\/p><p>Lector Univ. Dr. Iulian Apostu, <i>Academia Rom\u00e2n\u0103<\/i>, Bucure\u0219ti<\/p><p>Lector Univ. Dr. C\u0103t\u0103lin Popescu, Unversitatea <i>Petre Andrei<\/i> din Ia\u0219i<\/p><p>Lector Univ. Dr. Ana Maria L\u0103z\u0103rescu, Universitatea <i>Petre Andrei<\/i> din Ia\u0219i<\/p><p>Drd. Adrian-Neculai L\u0103c\u0103tu\u0219 , Universitatea <i>\u0218tefan cel Mare<\/i> din Suceava<\/p><p>Insp. Resurse Umane Leonte Valeria, <i>Inspectoratul \u0218colar <\/i>Suceava<\/p>\t\t\t\t\t<\/div>\n\t\t\t\t\t\t<\/div>\n\t\t\t\t<\/div>\n\t\t\t\t\t\t<\/div>\n\t\t\t\t\t<\/div>\n\t\t<\/div>\n\t\t\t\t\t\t\t\t<\/div>\n\t\t\t\t\t<\/div>\n\t\t<\/section>\n\t\t\t\t<section class=\"elementor-section elementor-top-section elementor-element elementor-element-b750b30 elementor-section-boxed elementor-section-height-default elementor-section-height-default\" data-id=\"b750b30\" data-element_type=\"section\">\n\t\t\t\t\t\t<div class=\"elementor-container elementor-column-gap-default\">\n\t\t\t\t\t\t\t<div class=\"elementor-row\">\n\t\t\t\t\t<div class=\"elementor-column elementor-col-100 elementor-top-column elementor-element elementor-element-23c3237\" data-id=\"23c3237\" data-element_type=\"column\">\n\t\t\t<div class=\"elementor-column-wrap elementor-element-populated\">\n\t\t\t\t\t\t\t<div class=\"elementor-widget-wrap\">\n\t\t\t\t\t\t<div class=\"elementor-element elementor-element-cb8ac71 elementor-widget elementor-widget-text-editor\" data-id=\"cb8ac71\" data-element_type=\"widget\" data-widget_type=\"text-editor.default\">\n\t\t\t\t<div class=\"elementor-widget-container\">\n\t\t\t\t\t\t\t\t<div class=\"elementor-text-editor elementor-clearfix\">\n\t\t\t\t<p>\u00censcrierile se pot face la a dresa de email:&nbsp;<\/p>\t\t\t\t\t<\/div>\n\t\t\t\t\t\t<\/div>\n\t\t\t\t<\/div>\n\t\t\t\t\t\t<\/div>\n\t\t\t\t\t<\/div>\n\t\t<\/div>\n\t\t\t\t\t\t\t\t<\/div>\n\t\t\t\t\t<\/div>\n\t\t<\/section>\n\t\t\t\t\t\t\t\t\t<\/div>\n\t\t\t<\/div>\n\t\t\t\t\t<\/div>\n\t\t","protected":false},"excerpt":{"rendered":"<p>Education and perspective through expertise Scopul conferin\u021bie este de a aduce al\u0103turi speciali\u0219ti \u0219i profesioni\u0219ti din toate domeniile educa\u021biei, \u0219tiin\u021bei \u0219i culturii cu scopul de a umple","protected":false},"author":1,"featured_media":0,"parent":0,"menu_order":0,"comment_status":"closed","ping_status":"closed","template":"","meta":{"footnotes":""},"class_list":["post-6","page","type-page","status-publish","hentry"],"_links":{"self":[{"href":"https:\/\/epe-education.com\/index.php?rest_route=\/wp\/v2\/pages\/6","targetHints":{"allow":["GET"]}}],"collection":[{"href":"https:\/\/epe-education.com\/index.php?rest_route=\/wp\/v2\/pages"}],"about":[{"href":"https:\/\/epe-education.com\/index.php?rest_route=\/wp\/v2\/types\/page"}],"author":[{"embeddable":true,"href":"https:\/\/epe-education.com\/index.php?rest_route=\/wp\/v2\/users\/1"}],"replies":[{"embeddable":true,"href":"https:\/\/epe-education.com\/index.php?rest_route=%2Fwp%2Fv2%2Fcomments&post=6"}],"version-history":[{"count":38,"href":"https:\/\/epe-education.com\/index.php?rest_route=\/wp\/v2\/pages\/6\/revisions"}],"predecessor-version":[{"id":310,"href":"https:\/\/epe-education.com\/index.php?rest_route=\/wp\/v2\/pages\/6\/revisions\/310"}],"wp:attachment":[{"href":"https:\/\/epe-education.com\/index.php?rest_route=%2Fwp%2Fv2%2Fmedia&parent=6"}],"curies":[{"name":"wp","href":"https:\/\/api.w.org\/{rel}","templated":true}]}}